{"id":41,"date":"2022-10-31T10:10:38","date_gmt":"2022-10-31T09:10:38","guid":{"rendered":"https:\/\/maau.cz\/?page_id=41"},"modified":"2025-11-19T10:13:59","modified_gmt":"2025-11-19T09:13:59","slug":"o-mne","status":"publish","type":"page","link":"https:\/\/maau.cz\/cz\/o-mne\/","title":{"rendered":"O MN\u011a"},"content":{"rendered":"\t\t<div data-elementor-type=\"wp-page\" data-elementor-id=\"41\" class=\"elementor elementor-41\">\n\t\t\t\t\t\t<section class=\"elementor-section elementor-top-section elementor-element elementor-element-0ae34c2 elementor-section-boxed elementor-section-height-default elementor-section-height-default\" data-id=\"0ae34c2\" data-element_type=\"section\" data-e-type=\"section\">\n\t\t\t\t\t\t<div class=\"elementor-container elementor-column-gap-default\">\n\t\t\t\t\t<div class=\"elementor-column elementor-col-100 elementor-top-column elementor-element elementor-element-e19396c\" data-id=\"e19396c\" data-element_type=\"column\" data-e-type=\"column\">\n\t\t\t<div class=\"elementor-widget-wrap elementor-element-populated\">\n\t\t\t\t\t\t<div class=\"elementor-element elementor-element-6e7ad9b main-title elementor-widget elementor-widget-heading\" data-id=\"6e7ad9b\" data-element_type=\"widget\" data-e-type=\"widget\" data-widget_type=\"heading.default\">\n\t\t\t\t<div class=\"elementor-widget-container\">\n\t\t\t\t\t<h1 class=\"elementor-heading-title elementor-size-default\">O MN\u011a<\/h1>\t\t\t\t<\/div>\n\t\t\t\t<\/div>\n\t\t\t\t<div class=\"elementor-element elementor-element-a732b49 elementor-widget elementor-widget-spacer\" data-id=\"a732b49\" data-element_type=\"widget\" data-e-type=\"widget\" data-widget_type=\"spacer.default\">\n\t\t\t\t<div class=\"elementor-widget-container\">\n\t\t\t\t\t\t\t<div class=\"elementor-spacer\">\n\t\t\t<div class=\"elementor-spacer-inner\"><\/div>\n\t\t<\/div>\n\t\t\t\t\t\t<\/div>\n\t\t\t\t<\/div>\n\t\t\t\t\t<\/div>\n\t\t<\/div>\n\t\t\t\t\t<\/div>\n\t\t<\/section>\n\t\t\t\t<section class=\"elementor-section elementor-top-section elementor-element elementor-element-3890cf6 elementor-section-boxed elementor-section-height-default elementor-section-height-default\" data-id=\"3890cf6\" data-element_type=\"section\" data-e-type=\"section\">\n\t\t\t\t\t\t<div class=\"elementor-container elementor-column-gap-default\">\n\t\t\t\t\t<div class=\"elementor-column elementor-col-33 elementor-top-column elementor-element elementor-element-fc11a0d\" data-id=\"fc11a0d\" data-element_type=\"column\" data-e-type=\"column\">\n\t\t\t<div class=\"elementor-widget-wrap elementor-element-populated\">\n\t\t\t\t\t\t<div class=\"elementor-element elementor-element-58a55d0 elementor-widget elementor-widget-image\" data-id=\"58a55d0\" data-element_type=\"widget\" data-e-type=\"widget\" data-widget_type=\"image.default\">\n\t\t\t\t<div class=\"elementor-widget-container\">\n\t\t\t\t\t\t\t\t\t\t\t\t\t\t\t<img fetchpriority=\"high\" decoding=\"async\" width=\"819\" height=\"1024\" src=\"https:\/\/maau.cz\/wp-content\/uploads\/2025\/11\/small_photo-819x1024.jpg\" class=\"attachment-large size-large wp-image-182\" alt=\"\" srcset=\"https:\/\/maau.cz\/wp-content\/uploads\/2025\/11\/small_photo-819x1024.jpg 819w, https:\/\/maau.cz\/wp-content\/uploads\/2025\/11\/small_photo-240x300.jpg 240w, https:\/\/maau.cz\/wp-content\/uploads\/2025\/11\/small_photo-768x960.jpg 768w, https:\/\/maau.cz\/wp-content\/uploads\/2025\/11\/small_photo-1229x1536.jpg 1229w, https:\/\/maau.cz\/wp-content\/uploads\/2025\/11\/small_photo-1638x2048.jpg 1638w, https:\/\/maau.cz\/wp-content\/uploads\/2025\/11\/small_photo-10x12.jpg 10w, https:\/\/maau.cz\/wp-content\/uploads\/2025\/11\/small_photo.jpg 2048w\" sizes=\"(max-width: 819px) 100vw, 819px\" \/>\t\t\t\t\t\t\t\t\t\t\t\t\t\t\t<\/div>\n\t\t\t\t<\/div>\n\t\t\t\t<div class=\"elementor-element elementor-element-95d7105 elementor-widget elementor-widget-spacer\" data-id=\"95d7105\" data-element_type=\"widget\" data-e-type=\"widget\" data-widget_type=\"spacer.default\">\n\t\t\t\t<div class=\"elementor-widget-container\">\n\t\t\t\t\t\t\t<div class=\"elementor-spacer\">\n\t\t\t<div class=\"elementor-spacer-inner\"><\/div>\n\t\t<\/div>\n\t\t\t\t\t\t<\/div>\n\t\t\t\t<\/div>\n\t\t\t\t<div class=\"elementor-element elementor-element-8b1d4b1 elementor-view-default elementor-widget elementor-widget-icon\" data-id=\"8b1d4b1\" data-element_type=\"widget\" data-e-type=\"widget\" data-widget_type=\"icon.default\">\n\t\t\t\t<div class=\"elementor-widget-container\">\n\t\t\t\t\t\t\t<div class=\"elementor-icon-wrapper\">\n\t\t\t<a class=\"elementor-icon elementor-animation-grow\" href=\"https:\/\/www.instagram.com\/martinaudrlicky\/\" target=\"_blank\">\n\t\t\t<i aria-hidden=\"true\" class=\"fab fa-instagram\"><\/i>\t\t\t<\/a>\n\t\t<\/div>\n\t\t\t\t\t\t<\/div>\n\t\t\t\t<\/div>\n\t\t\t\t\t<\/div>\n\t\t<\/div>\n\t\t\t\t<div class=\"elementor-column elementor-col-66 elementor-top-column elementor-element elementor-element-4f3521d\" data-id=\"4f3521d\" data-element_type=\"column\" data-e-type=\"column\">\n\t\t\t<div class=\"elementor-widget-wrap elementor-element-populated\">\n\t\t\t\t\t\t<div class=\"elementor-element elementor-element-bfacf08 elementor-widget elementor-widget-text-editor\" data-id=\"bfacf08\" data-element_type=\"widget\" data-e-type=\"widget\" data-widget_type=\"text-editor.default\">\n\t\t\t\t<div class=\"elementor-widget-container\">\n\t\t\t\t\t\t\t\t\t<p>Jmenuji se Martin Audrlick\u00fd a poch\u00e1z\u00edm z Hradce Kr\u00e1lov\u00e9. U\u017e od studia na st\u0159edn\u00ed \u0161kole, kter\u00e9 dokon\u010dil na Biskupsk\u00e9m gymn\u00e1ziu Bohuslava Balb\u00edna v Hradci Kr\u00e1lov\u00e9, m\u011b fascinovaly abstraktn\u00ed koncepty, humanitn\u00ed a spole\u010densk\u00e9 v\u011bdy, m\u00e9dia a um\u011bn\u00ed. Bav\u00ed m\u011b nejen snaha o porozum\u011bn\u00ed, ale p\u0159edev\u0161\u00edm tvo\u0159en\u00ed \u2013 a\u0165 u\u017e se jedn\u00e1 o form\u00e1t textov\u00fd nebo audiovizu\u00e1ln\u00ed. Postupn\u011b jsem tak\u00e9 rozvinul svou l\u00e1sku pro film a pozd\u011bji fotografii.<\/p>\n<p><\/p>\n<p>Ve studi\u00edch jsem pokra\u010doval na oboru politologie na Filozofick\u00e9 fakult\u011b UHK, kter\u00e9 jsem ov\u0161em z\u00e1hy ukon\u010dil, proto\u017ee jsem se p\u0159est\u011bhoval do Anglie. Tam jsem se dva roky v\u011bnoval dobrovolnick\u00e9 \u010dinnosti. V \u010cesk\u00e9 republice jsem pro\u0161el n\u011bkolika zam\u011bstn\u00e1n\u00edmi \u2013 od manu\u00e1ln\u00edch prac\u00ed ve skladu a tov\u00e1rn\u011b p\u0159es z\u00e1kaznick\u00e9 slu\u017eby a\u017e po kancel\u00e1\u0159skou pr\u00e1ci a p\u0159ekladatelstv\u00ed. Pozd\u011bji jsem vystudoval filmov\u00e1 studia na Filozofick\u00e9 fakult\u011b Univerzity Karlovy.<\/p>\n<p><\/p>\n<p>Nyn\u00ed pracuji jako kameraman a st\u0159iha\u010d ve zpravodajstv\u00ed pro \u010ceskou televizi. Krom\u011b toho tak\u00e9&nbsp;<a href=\"https:\/\/www.tamandua.shop\/\" target=\"_blank\">podnik\u00e1m<\/a>&nbsp;v obchodu s p\u0159\u00edrodn\u00edmi sb\u00edrkami a expon\u00e1ty. Z\u00e1rove\u0148 se v\u011bnuji rozmanit\u00e9 \u0161k\u00e1le \u010dinnost\u00ed \u2013 n\u011bkter\u00fdm komer\u010dn\u011b, jin\u00fdm prost\u011b proto, \u017ee m\u011b bav\u00ed nebo napl\u0148uj\u00ed \u2013 jejich\u017e n\u011bkter\u00e9 v\u00fdsledky m\u016f\u017eete naj\u00edt na t\u011bchto str\u00e1nk\u00e1ch.<\/p>\n<p><\/p>\n<p>I kdy\u017e se sv\u00fdm z\u00e1jmem zam\u011b\u0159uji p\u0159edev\u0161\u00edm na film a audiovizu\u00e1ln\u00ed tvorbu, ale tak\u00e9 um\u011bn\u00ed, humanitn\u00ed a spole\u010densk\u00e9 v\u011bdy; fascinuje m\u011b v\u0161echno v\u011bd\u011bn\u00ed, p\u0159edev\u0161\u00edm ve vz\u00e1jemn\u00e9m propojen\u00ed a interakci. M\u00fdmi obl\u00edben\u00fdmi obory a t\u00e9maty jsou naratologie, mytologie, vypr\u00e1v\u011bn\u00ed p\u0159\u00edb\u011bh\u016f a tvo\u0159en\u00ed fik\u010dn\u00edch sv\u011bt\u016f, od knih, legend, film\u016f, seri\u00e1l\u016f a\u017e po videohry. O t\u011bchto oblastech se ov\u0161em ned\u00e1 uva\u017eovat bez kontextu estetiky a s\u00e9miotiky. Jako pro v\u011b\u0159\u00edc\u00edho \u010dlov\u011bka je pro m\u011b nesm\u00edrn\u011b zaj\u00edmav\u00e1 tak\u00e9 religionistika, kter\u00e1 s p\u0159edchoz\u00edmi v mnoh\u00e9m souvis\u00ed.<\/p>\n<div>&nbsp;<\/div>\n<p><!-- \/wp:paragraph --><\/p>\t\t\t\t\t\t\t\t<\/div>\n\t\t\t\t<\/div>\n\t\t\t\t\t<\/div>\n\t\t<\/div>\n\t\t\t\t\t<\/div>\n\t\t<\/section>\n\t\t\t\t<\/div>\n\t\t","protected":false},"excerpt":{"rendered":"<p>O MN\u011a Jmenuji se Martin Audrlick\u00fd a poch\u00e1z\u00edm z Hradce Kr\u00e1lov\u00e9. U\u017e od studia na st\u0159edn\u00ed \u0161kole, kter\u00e9 dokon\u010dil na Biskupsk\u00e9m gymn\u00e1ziu Bohuslava Balb\u00edna v Hradci Kr\u00e1lov\u00e9, m\u011b fascinovaly abstraktn\u00ed koncepty, humanitn\u00ed a spole\u010densk\u00e9 v\u011bdy, m\u00e9dia a um\u011bn\u00ed. Bav\u00ed m\u011b nejen snaha o porozum\u011bn\u00ed, ale p\u0159edev\u0161\u00edm tvo\u0159en\u00ed \u2013 a\u0165 u\u017e se jedn\u00e1 o form\u00e1t textov\u00fd [&hellip;]<\/p>\n","protected":false},"author":1,"featured_media":0,"parent":0,"menu_order":0,"comment_status":"closed","ping_status":"closed","template":"about.php","meta":{"_acf_changed":false,"_editorskit_title_hidden":false,"_editorskit_reading_time":0,"_editorskit_is_block_options_detached":false,"_editorskit_block_options_position":"{}","footnotes":""},"class_list":["post-41","page","type-page","status-publish","hentry"],"acf":[],"_links":{"self":[{"href":"https:\/\/maau.cz\/cz\/wp-json\/wp\/v2\/pages\/41","targetHints":{"allow":["GET"]}}],"collection":[{"href":"https:\/\/maau.cz\/cz\/wp-json\/wp\/v2\/pages"}],"about":[{"href":"https:\/\/maau.cz\/cz\/wp-json\/wp\/v2\/types\/page"}],"author":[{"embeddable":true,"href":"https:\/\/maau.cz\/cz\/wp-json\/wp\/v2\/users\/1"}],"replies":[{"embeddable":true,"href":"https:\/\/maau.cz\/cz\/wp-json\/wp\/v2\/comments?post=41"}],"version-history":[{"count":84,"href":"https:\/\/maau.cz\/cz\/wp-json\/wp\/v2\/pages\/41\/revisions"}],"predecessor-version":[{"id":206,"href":"https:\/\/maau.cz\/cz\/wp-json\/wp\/v2\/pages\/41\/revisions\/206"}],"wp:attachment":[{"href":"https:\/\/maau.cz\/cz\/wp-json\/wp\/v2\/media?parent=41"}],"curies":[{"name":"wp","href":"https:\/\/api.w.org\/{rel}","templated":true}]}}